{"id":46,"date":"2024-10-05T22:13:50","date_gmt":"2024-10-05T22:13:50","guid":{"rendered":"https:\/\/makelemnstorm.ro\/?page_id=46"},"modified":"2024-10-07T04:26:41","modified_gmt":"2024-10-07T02:26:41","slug":"living","status":"publish","type":"page","link":"https:\/\/makelemnstorm.ro\/index.php\/produse\/living\/","title":{"rendered":"Servicii de Tapi\u021bare \u0219i Brodare Personalizat\u0103 pentru Mobil\u0103 de Living: Elegan\u021b\u0103 \u0219i Confort la Tine Acas\u0103"},"content":{"rendered":"\n<figure class=\"wp-block-image aligncenter size-full is-resized\"><img loading=\"lazy\" decoding=\"async\" width=\"683\" height=\"683\" src=\"https:\/\/makelemnstorm.ro\/wp-content\/uploads\/2024\/10\/DALL\u00b7E-2024-10-07-02.51.28-A-realistic-image-featuring-pieces-of-fabric-cut-into-precise-squares-and-diamonds.-The-fabric-should-include-a-variety-of-textures-and-patterns-such-edited.webp\" alt=\"\" class=\"wp-image-1237\" style=\"width:549px;height:auto\" srcset=\"https:\/\/makelemnstorm.ro\/wp-content\/uploads\/2024\/10\/DALL\u00b7E-2024-10-07-02.51.28-A-realistic-image-featuring-pieces-of-fabric-cut-into-precise-squares-and-diamonds.-The-fabric-should-include-a-variety-of-textures-and-patterns-such-edited.webp 683w, https:\/\/makelemnstorm.ro\/wp-content\/uploads\/2024\/10\/DALL\u00b7E-2024-10-07-02.51.28-A-realistic-image-featuring-pieces-of-fabric-cut-into-precise-squares-and-diamonds.-The-fabric-should-include-a-variety-of-textures-and-patterns-such-edited-300x300.webp 300w, https:\/\/makelemnstorm.ro\/wp-content\/uploads\/2024\/10\/DALL\u00b7E-2024-10-07-02.51.28-A-realistic-image-featuring-pieces-of-fabric-cut-into-precise-squares-and-diamonds.-The-fabric-should-include-a-variety-of-textures-and-patterns-such-edited-150x150.webp 150w\" sizes=\"auto, (max-width: 683px) 100vw, 683px\" \/><\/figure>\n\n\n\n<h3 class=\"wp-block-heading\"><strong>Tapi\u021bare personalizat\u0103: \u00cembinarea confortului cu estetica modern\u0103<\/strong><\/h3>\n\n\n\n<p class=\"has-contrast-dark-color has-text-color has-link-color wp-elements-6a9ea6fd6557065445529a4b1b56006e\"><strong>Tapi\u021barea personalizat\u0103<\/strong> este o modalitate excelent\u0103 de a conferi mobilierului de living un aspect nou \u0219i rafinat. Fie c\u0103 vorbim despre o <strong>canapea elegant\u0103<\/strong>, un <strong>fotoliu confortabil<\/strong> sau o <strong>banchet\u0103 versatil\u0103<\/strong>, tapi\u021barea ofer\u0103 posibilitatea de a alege materiale de calitate superioar\u0103, care s\u0103 reflecte stilul t\u0103u personal \u0219i s\u0103 se potriveasc\u0103 perfect cu decorul camerei.<\/p>\n\n\n\n<p class=\"has-contrast-dark-color has-text-color has-link-color wp-elements-a1780f3ba1277e08c801e4ce73a1b10a\">De la materiale precum <strong>piele natural\u0103 sau ecologic\u0103<\/strong>, p\u00e2n\u0103 la \u021bes\u0103turi delicate precum <strong>catifeaua<\/strong> sau <strong>microfibra<\/strong>, te ajut\u0103m s\u0103 personalizezi fiecare pies\u0103 de mobilier astfel \u00eenc\u00e2t s\u0103 devin\u0103 nu doar estetic pl\u0103cut\u0103, ci \u0219i confortabil\u0103. <strong>Tapi\u021barea<\/strong> realizat\u0103 de echipa noastr\u0103 nu doar c\u0103 \u00eembun\u0103t\u0103\u021be\u0219te aspectul mobilierului, ci \u0219i \u00eei prelunge\u0219te via\u021ba, asigur\u00e2nd rezisten\u021b\u0103 la uzur\u0103 \u0219i o senza\u021bie de lux la fiecare atingere.<\/p>\n\n\n\n<h3 class=\"wp-block-heading\"><strong>Broderie personalizat\u0103: Detalii fine care fac diferen\u021ba<\/strong><\/h3>\n\n\n\n<p class=\"has-contrast-dark-color has-text-color has-link-color wp-elements-2d08a0b2a83dfd98835aa7bf74beb817\">Pentru a ad\u0103uga un plus de personalitate mobilierului t\u0103u, oferim <strong>servicii de brodare personalizat\u0103<\/strong>, care permit crearea unor detalii sofisticate \u0219i elegante. <strong>Broderia<\/strong> aplicat\u0103 pe perne, tetiere, sp\u0103tare sau pe alte suprafe\u021be ale mobilierului de living poate transforma complet aspectul acestuia, ad\u0103ug\u00e2nd o not\u0103 distinct\u0103 de rafinament.<\/p>\n\n\n\n<p class=\"has-contrast-dark-color has-text-color has-link-color wp-elements-2bfdf64e0bfacb9a62bb1ad06d7a1427\">Imagineaz\u0103-\u021bi logo-ul familiei, un monogram sau un motiv decorativ brodat cu fine\u021be pe canapea sau fotolii, cre\u00e2nd astfel o atmosfer\u0103 <strong>luxoas\u0103 \u0219i personalizat\u0103<\/strong>. Fiecare detaliu brodat este realizat cu aten\u021bie \u0219i precizie, folosind echipamente moderne care asigur\u0103 o finisare impecabil\u0103 \u0219i o durabilitate \u00eendelungat\u0103.<\/p>\n\n\n\n<h3 class=\"wp-block-heading\"><strong>Avantajele tapi\u021b\u0103rii \u0219i broderiei personalizate pentru mobila de living<\/strong><\/h3>\n\n\n\n<p class=\"has-contrast-dark-color has-text-color has-link-color wp-elements-1ef658c924ac2d9c2325f9496ab944e7\">Opt\u00e2nd pentru <strong>tapi\u021bare \u0219i brodare personalizat\u0103<\/strong>, \u00ee\u021bi oferim posibilitatea de a transforma mobilierul de living \u00eentr-un element central al casei tale, care s\u0103 \u00eembine perfect estetica \u0219i confortul. Printre avantajele pe care le aduc aceste servicii se num\u0103r\u0103:<\/p>\n\n\n\n<ul class=\"wp-block-list has-contrast-dark-color has-text-color has-link-color wp-elements-c227124e29703e1d7f62e2215ae9c6f5\">\n<li><strong>Unicitate<\/strong>: Fiecare pies\u0103 de mobilier devine unic\u0103, reflect\u00e2nd stilul t\u0103u personal \u0219i armoniz\u00e2nd perfect cu decorul casei.<\/li>\n\n\n\n<li><strong>Calitate superioar\u0103<\/strong>: Folosim doar materiale \u0219i tehnici de tapi\u021bare \u0219i brodare de \u00eenalt\u0103 calitate, asigur\u00e2nd durabilitatea \u0219i rezisten\u021ba mobilierului.<\/li>\n\n\n\n<li><strong>Flexibilitate \u00een design<\/strong>: Indiferent de preferin\u021bele tale stilistice, oferim o gam\u0103 variat\u0103 de materiale, culori \u0219i modele pentru a crea mobilier personalizat.<\/li>\n\n\n\n<li><strong>Confort maxim<\/strong>: Mobilierul de living tapi\u021bat nu doar c\u0103 arat\u0103 bine, dar ofer\u0103 \u0219i un confort superior, esen\u021bial pentru momentele de relaxare \u00een familie.<\/li>\n<\/ul>\n\n\n\n<h3 class=\"wp-block-heading\"><strong>Materiale de tapi\u021berie de \u00eenalt\u0103 calitate<\/strong><\/h3>\n\n\n\n<p class=\"has-contrast-dark-color has-text-color has-link-color wp-elements-d145f59e6f9d517a4157029c9920337a\">Pentru a asigura calitatea \u0219i durabilitatea tapi\u021beriei, folosim o selec\u021bie atent\u0103 de <strong>materiale premium<\/strong>, care \u00eembin\u0103 estetica \u0219i func\u021bionalitatea. Indiferent dac\u0103 \u00ee\u021bi dore\u0219ti un aspect luxos cu <strong>piele natural\u0103<\/strong>, un finisaj moale \u0219i sofisticat cu <strong>catifea<\/strong>, sau preferi materialele tehnice rezistente \u0219i u\u0219or de \u00eentre\u021binut, avem op\u021biuni pentru fiecare gust \u0219i necesitate.<\/p>\n\n\n\n<p class=\"has-contrast-dark-color has-text-color has-link-color wp-elements-ba3ec05fffe2204f41167d90afaed9f3\">Aceste materiale nu doar c\u0103 ofer\u0103 <strong>rezisten\u021b\u0103 la uzur\u0103<\/strong> \u0219i aspect pl\u0103cut, dar sunt \u0219i u\u0219or de \u00eentre\u021binut, asigur\u00e2nd c\u0103 mobilierul t\u0103u va ar\u0103ta impecabil pentru mult timp. \u00cen plus, fiecare material este ales pentru a asigura confortul maxim, astfel \u00eenc\u00e2t tu \u0219i familia ta s\u0103 v\u0103 bucura\u021bi de momente de relaxare \u00eentr-un ambient pl\u0103cut \u0219i confortabil.<\/p>\n\n\n\n<h3 class=\"wp-block-heading\"><strong>Design modern sau clasic? Tu alegi!<\/strong><\/h3>\n\n\n\n<p class=\"has-contrast-dark-color has-text-color has-link-color wp-elements-3929b2e76213f675413f17a8ec189827\">Fie c\u0103 preferi un stil <strong>modern, minimalist<\/strong>, cu linii clare \u0219i culori neutre, fie c\u0103 te atrage un design <strong>clasic, elegant<\/strong>, cu broderii detaliate \u0219i materiale luxoase, echipa noastr\u0103 \u00ee\u021bi poate transforma orice viziune \u00een realitate. Ne adapt\u0103m serviciile \u00een func\u021bie de preferin\u021bele tale, oferind solu\u021bii personalizate care s\u0103 \u00eembun\u0103t\u0103\u021beasc\u0103 aspectul \u0219i func\u021bionalitatea mobilierului t\u0103u de living.<\/p>\n\n\n\n<p class=\"has-contrast-dark-color has-text-color has-link-color wp-elements-297bdfe709f4a75558dbf44087ef2b2b\">De la canapele \u0219i fotolii p\u00e2n\u0103 la pufuri \u0219i tabure\u021bi, <strong>tapi\u021barea \u0219i brodarea personalizat\u0103<\/strong> ofer\u0103 o flexibilitate maxim\u0103 \u00een ceea ce prive\u0219te stilul \u0219i finisajul final, asigur\u00e2nd c\u0103 fiecare pies\u0103 de mobilier se potrive\u0219te perfect \u00een decorul general al camerei.<\/p>\n\n\n\n<h3 class=\"wp-block-heading\"><strong>De ce s\u0103 alegi serviciile noastre de tapi\u021bare \u0219i brodare personalizat\u0103?<\/strong><\/h3>\n\n\n\n<ul class=\"wp-block-list has-contrast-dark-color has-text-color has-link-color wp-elements-f8e2debc43c7f383ac274a2c57fa6054\">\n<li><strong>Experien\u021b\u0103 \u0219i profesionalism<\/strong>: Avem o echip\u0103 de exper\u021bi cu o vast\u0103 experien\u021b\u0103 \u00een tapi\u021barea \u0219i brodarea personalizat\u0103 a mobilierului de living, oferind solu\u021bii care \u00eembin\u0103 calitatea \u0219i estetica.<\/li>\n\n\n\n<li><strong>Personalizare complet\u0103<\/strong>: Fiecare proiect este unic, iar noi lucr\u0103m \u00eendeaproape cu clien\u021bii no\u0219tri pentru a asigura c\u0103 rezultatul final corespunde perfect a\u0219tept\u0103rilor \u0219i cerin\u021belor acestora.<\/li>\n\n\n\n<li><strong>Materiale premium<\/strong>: Folosim doar materiale de cea mai \u00eenalt\u0103 calitate, asigur\u00e2nd un finisaj impecabil \u0219i o durabilitate sporit\u0103 a mobilierului t\u0103u.<\/li>\n\n\n\n<li><strong>Design unic<\/strong>: Cu serviciile noastre de broderie, po\u021bi ad\u0103uga detalii personalizate care s\u0103 fac\u0103 mobilierul t\u0103u de living cu adev\u0103rat special \u0219i unic.<\/li>\n<\/ul>\n\n\n\n<h3 class=\"wp-block-heading\"><strong>Contacteaz\u0103-ne pentru o ofert\u0103 personalizat\u0103<\/strong><\/h3>\n\n\n\n<p class=\"has-contrast-dark-color has-text-color has-link-color wp-elements-1fccf6332c7894f592f108b8ed69f4a4\">Dac\u0103 \u00ee\u021bi dore\u0219ti s\u0103 aduci un suflu nou \u0219i rafinat \u00een livingul t\u0103u prin <strong>tapi\u021bare \u0219i broderie personalizat\u0103<\/strong>, <strong>contacteaz\u0103-ne<\/strong> pentru o ofert\u0103 adaptat\u0103 nevoilor \u0219i preferin\u021belor tale. Echipa noastr\u0103 este preg\u0103tit\u0103 s\u0103 transforme mobilierul de living \u00eentr-o pies\u0103 central\u0103, confortabil\u0103 \u0219i estetic\u0103, care s\u0103 reflecte stilul \u0219i personalitatea ta.<\/p>\n\n\n\n<hr class=\"wp-block-separator has-alpha-channel-opacity\"\/>\n\n\n\n<p class=\"has-contrast-dark-color has-text-color has-link-color wp-elements-e2dcd9d7dfb7d42ae2dad662bf85a191\">Alege <strong>tapi\u021barea \u0219i brodarea personalizat\u0103<\/strong> pentru a transforma mobilierul t\u0103u de living \u00eentr-o expresie a elegan\u021bei \u0219i confortului!<\/p>\n","protected":false},"excerpt":{"rendered":"<p>Tapi\u021bare personalizat\u0103: \u00cembinarea confortului cu estetica modern\u0103 Tapi\u021barea personalizat\u0103 este o modalitate excelent\u0103 de a conferi mobilierului de living un aspect nou \u0219i rafinat. Fie c\u0103 vorbim despre o canapea elegant\u0103, un fotoliu confortabil sau o banchet\u0103 versatil\u0103, tapi\u021barea ofer\u0103 posibilitatea de a alege materiale de calitate superioar\u0103, care s\u0103 reflecte stilul t\u0103u personal \u0219i [&hellip;]<\/p>\n","protected":false},"author":1,"featured_media":0,"parent":36,"menu_order":5,"comment_status":"closed","ping_status":"closed","template":"","meta":{"_kadence_starter_templates_imported_post":false,"footnotes":""},"class_list":["post-46","page","type-page","status-publish","hentry"],"_links":{"self":[{"href":"https:\/\/makelemnstorm.ro\/index.php\/wp-json\/wp\/v2\/pages\/46","targetHints":{"allow":["GET"]}}],"collection":[{"href":"https:\/\/makelemnstorm.ro\/index.php\/wp-json\/wp\/v2\/pages"}],"about":[{"href":"https:\/\/makelemnstorm.ro\/index.php\/wp-json\/wp\/v2\/types\/page"}],"author":[{"embeddable":true,"href":"https:\/\/makelemnstorm.ro\/index.php\/wp-json\/wp\/v2\/users\/1"}],"replies":[{"embeddable":true,"href":"https:\/\/makelemnstorm.ro\/index.php\/wp-json\/wp\/v2\/comments?post=46"}],"version-history":[{"count":7,"href":"https:\/\/makelemnstorm.ro\/index.php\/wp-json\/wp\/v2\/pages\/46\/revisions"}],"predecessor-version":[{"id":1319,"href":"https:\/\/makelemnstorm.ro\/index.php\/wp-json\/wp\/v2\/pages\/46\/revisions\/1319"}],"up":[{"embeddable":true,"href":"https:\/\/makelemnstorm.ro\/index.php\/wp-json\/wp\/v2\/pages\/36"}],"wp:attachment":[{"href":"https:\/\/makelemnstorm.ro\/index.php\/wp-json\/wp\/v2\/media?parent=46"}],"curies":[{"name":"wp","href":"https:\/\/api.w.org\/{rel}","templated":true}]}}