{"id":36,"date":"2024-10-05T22:10:44","date_gmt":"2024-10-05T22:10:44","guid":{"rendered":"https:\/\/makelemnstorm.ro\/?page_id=36"},"modified":"2024-10-07T04:33:43","modified_gmt":"2024-10-07T02:33:43","slug":"produse","status":"publish","type":"page","link":"https:\/\/makelemnstorm.ro\/index.php\/produse\/","title":{"rendered":"Produse"},"content":{"rendered":"\n<p class=\"has-contrast-dark-color has-text-color has-link-color wp-elements-add43670eed2f1811f297643029e3f6d\">V\u0103 oferim o gam\u0103 variat\u0103 de servicii pentru personalizarea si brodarea articolelor de mobilier. Mai jos pute\u021bi studia c\u00e2teva dintre posibilit\u0103\u021bile oferite de firma noastr\u0103. Contacta\u021bi-ne pentru o oferta personalizat\u0103 adaptat\u0103 nevoilor dumneavoastr\u0103.<\/p>\n\n\n\n<div class=\"wp-block-cover\" style=\"min-height:158px;aspect-ratio:unset;\"><span aria-hidden=\"true\" class=\"wp-block-cover__background has-primary-background-color has-background-dim\"><\/span><img loading=\"lazy\" decoding=\"async\" width=\"683\" height=\"512\" class=\"wp-block-cover__image-background wp-image-1240\" alt=\"\" src=\"https:\/\/makelemnstorm.ro\/wp-content\/uploads\/2024\/10\/DALL\u00b7E-2024-10-07-02.51.28-A-realistic-image-featuring-pieces-of-fabric-cut-into-precise-squares-and-diamonds.-The-fabric-should-include-a-variety-of-textures-and-patterns-such-edited-1.webp\" data-object-fit=\"cover\" srcset=\"https:\/\/makelemnstorm.ro\/wp-content\/uploads\/2024\/10\/DALL\u00b7E-2024-10-07-02.51.28-A-realistic-image-featuring-pieces-of-fabric-cut-into-precise-squares-and-diamonds.-The-fabric-should-include-a-variety-of-textures-and-patterns-such-edited-1.webp 683w, https:\/\/makelemnstorm.ro\/wp-content\/uploads\/2024\/10\/DALL\u00b7E-2024-10-07-02.51.28-A-realistic-image-featuring-pieces-of-fabric-cut-into-precise-squares-and-diamonds.-The-fabric-should-include-a-variety-of-textures-and-patterns-such-edited-1-300x225.webp 300w\" sizes=\"auto, (max-width: 683px) 100vw, 683px\" \/><div class=\"wp-block-cover__inner-container has-global-padding is-layout-constrained wp-block-cover-is-layout-constrained\">\n<p class=\"has-text-align-center has-contrast-light-color has-text-color has-link-color has-large-font-size wp-elements-cc9b367dec3b2ac2eb7f94812a6763c2\"><a href=\"https:\/\/makelemnstorm.ro\/index.php\/produse\/living\/\" data-type=\"page\" data-id=\"46\">Servicii de personalizare mobilier Living<\/a><\/p>\n<\/div><\/div>\n\n\n\n<hr class=\"wp-block-separator aligncenter has-text-color has-mono-1-color has-alpha-channel-opacity has-mono-1-background-color has-background is-style-wide\" style=\"margin-top:var(--wp--preset--spacing--superbspacing-xsmall);margin-bottom:var(--wp--preset--spacing--superbspacing-xsmall)\"\/>\n\n\n\n<div class=\"wp-block-cover\" style=\"min-height:158px;aspect-ratio:unset;\"><span aria-hidden=\"true\" class=\"wp-block-cover__background has-mono-2-background-color has-background-dim\"><\/span><img loading=\"lazy\" decoding=\"async\" width=\"419\" height=\"634\" class=\"wp-block-cover__image-background wp-image-1268\" alt=\"\" src=\"https:\/\/makelemnstorm.ro\/wp-content\/uploads\/2024\/10\/puf-plin.jpg\" data-object-fit=\"cover\" srcset=\"https:\/\/makelemnstorm.ro\/wp-content\/uploads\/2024\/10\/puf-plin.jpg 419w, https:\/\/makelemnstorm.ro\/wp-content\/uploads\/2024\/10\/puf-plin-198x300.jpg 198w\" sizes=\"auto, (max-width: 419px) 100vw, 419px\" \/><div class=\"wp-block-cover__inner-container has-global-padding is-layout-constrained wp-block-cover-is-layout-constrained\">\n<p class=\"has-text-align-center has-contrast-light-color has-text-color has-link-color has-large-font-size wp-elements-86f082c89ea1b6f09928535a7c0f9996\"><a href=\"https:\/\/makelemnstorm.ro\/index.php\/produse\/fotolii-puf\/\" data-type=\"page\" data-id=\"44\">Servicii de personalizare fotolii puf<\/a><\/p>\n<\/div><\/div>\n\n\n\n<hr class=\"wp-block-separator aligncenter has-text-color has-mono-1-color has-alpha-channel-opacity has-mono-1-background-color has-background is-style-wide\" style=\"margin-top:var(--wp--preset--spacing--superbspacing-xsmall);margin-bottom:var(--wp--preset--spacing--superbspacing-xsmall)\"\/>\n\n\n\n<div class=\"wp-block-cover is-light\" style=\"min-height:158px;aspect-ratio:unset;\"><span aria-hidden=\"true\" class=\"wp-block-cover__background has-primary-hover-background-color has-background-dim\"><\/span><img loading=\"lazy\" decoding=\"async\" width=\"931\" height=\"437\" class=\"wp-block-cover__image-background wp-image-1266\" alt=\"\" src=\"https:\/\/makelemnstorm.ro\/wp-content\/uploads\/2024\/10\/ffffffffffffffffffffffffffffffffffaaaaaaaaaaaaaaaaaaaaaaaaaaaa.jpg\" data-object-fit=\"cover\" srcset=\"https:\/\/makelemnstorm.ro\/wp-content\/uploads\/2024\/10\/ffffffffffffffffffffffffffffffffffaaaaaaaaaaaaaaaaaaaaaaaaaaaa.jpg 931w, https:\/\/makelemnstorm.ro\/wp-content\/uploads\/2024\/10\/ffffffffffffffffffffffffffffffffffaaaaaaaaaaaaaaaaaaaaaaaaaaaa-300x141.jpg 300w, https:\/\/makelemnstorm.ro\/wp-content\/uploads\/2024\/10\/ffffffffffffffffffffffffffffffffffaaaaaaaaaaaaaaaaaaaaaaaaaaaa-768x360.jpg 768w\" sizes=\"auto, (max-width: 931px) 100vw, 931px\" \/><div class=\"wp-block-cover__inner-container has-global-padding is-layout-constrained wp-block-cover-is-layout-constrained\">\n<p class=\"has-text-align-center has-contrast-light-color has-text-color has-link-color has-large-font-size wp-elements-36e02e8e3179059f5b523ed4f76bf2f0\"><a href=\"https:\/\/makelemnstorm.ro\/index.php\/produse\/canapele\/\" data-type=\"page\" data-id=\"38\">Servicii de personalizare canapele<\/a><\/p>\n<\/div><\/div>\n\n\n\n<hr class=\"wp-block-separator aligncenter has-text-color has-mono-1-color has-alpha-channel-opacity has-mono-1-background-color has-background is-style-wide\" style=\"margin-top:var(--wp--preset--spacing--superbspacing-xsmall);margin-bottom:var(--wp--preset--spacing--superbspacing-xsmall)\"\/>\n\n\n\n<div class=\"wp-block-cover\" style=\"min-height:158px;aspect-ratio:unset;\"><span aria-hidden=\"true\" class=\"wp-block-cover__background has-mono-1-background-color has-background-dim\"><\/span><img loading=\"lazy\" decoding=\"async\" width=\"1342\" height=\"751\" class=\"wp-block-cover__image-background wp-image-1267\" alt=\"\" src=\"https:\/\/makelemnstorm.ro\/wp-content\/uploads\/2024\/10\/p-gol.jpg\" data-object-fit=\"cover\" srcset=\"https:\/\/makelemnstorm.ro\/wp-content\/uploads\/2024\/10\/p-gol.jpg 1342w, https:\/\/makelemnstorm.ro\/wp-content\/uploads\/2024\/10\/p-gol-300x168.jpg 300w, https:\/\/makelemnstorm.ro\/wp-content\/uploads\/2024\/10\/p-gol-1024x573.jpg 1024w, https:\/\/makelemnstorm.ro\/wp-content\/uploads\/2024\/10\/p-gol-768x430.jpg 768w\" sizes=\"auto, (max-width: 1342px) 100vw, 1342px\" \/><div class=\"wp-block-cover__inner-container has-global-padding is-layout-constrained wp-block-cover-is-layout-constrained\">\n<p class=\"has-text-align-center has-contrast-light-color has-text-color has-link-color has-large-font-size wp-elements-3587d329e593ed283575dfbd06268bbb\"><a href=\"https:\/\/makelemnstorm.ro\/index.php\/produse\/fotolii-office\/\" data-type=\"page\" data-id=\"40\">Servicii de personalizare fotolii office<\/a><\/p>\n<\/div><\/div>\n\n\n\n<hr class=\"wp-block-separator aligncenter has-text-color has-mono-1-color has-alpha-channel-opacity has-mono-1-background-color has-background is-style-wide\" style=\"margin-top:var(--wp--preset--spacing--superbspacing-xsmall);margin-bottom:var(--wp--preset--spacing--superbspacing-xsmall)\"\/>\n\n\n\n<div class=\"wp-block-cover is-light\" style=\"min-height:158px;aspect-ratio:unset;\"><span aria-hidden=\"true\" class=\"wp-block-cover__background has-vivid-cyan-blue-background-color has-background-dim\"><\/span><img loading=\"lazy\" decoding=\"async\" width=\"1280\" height=\"854\" class=\"wp-block-cover__image-background wp-image-1300\" alt=\"\" src=\"https:\/\/makelemnstorm.ro\/wp-content\/uploads\/2024\/10\/office-5067104_1280.jpg\" data-object-fit=\"cover\" srcset=\"https:\/\/makelemnstorm.ro\/wp-content\/uploads\/2024\/10\/office-5067104_1280.jpg 1280w, https:\/\/makelemnstorm.ro\/wp-content\/uploads\/2024\/10\/office-5067104_1280-300x200.jpg 300w, https:\/\/makelemnstorm.ro\/wp-content\/uploads\/2024\/10\/office-5067104_1280-1024x683.jpg 1024w, https:\/\/makelemnstorm.ro\/wp-content\/uploads\/2024\/10\/office-5067104_1280-768x512.jpg 768w\" sizes=\"auto, (max-width: 1280px) 100vw, 1280px\" \/><div class=\"wp-block-cover__inner-container has-global-padding is-layout-constrained wp-block-cover-is-layout-constrained\">\n<p class=\"has-text-align-center has-contrast-light-color has-text-color has-link-color has-large-font-size wp-elements-1d9817bd7693d5e3b8a830cc12349f87\"><a href=\"https:\/\/makelemnstorm.ro\/index.php\/produse\/scaun-birou\/\" data-type=\"page\" data-id=\"42\">Servicii de personalizare scaune birou<\/a><\/p>\n<\/div><\/div>\n\n\n\n<p><\/p>\n","protected":false},"excerpt":{"rendered":"<p>V\u0103 oferim o gam\u0103 variat\u0103 de servicii pentru personalizarea si brodarea articolelor de mobilier. Mai jos pute\u021bi studia c\u00e2teva dintre posibilit\u0103\u021bile oferite de firma noastr\u0103. Contacta\u021bi-ne pentru o oferta personalizat\u0103 adaptat\u0103 nevoilor dumneavoastr\u0103.<\/p>\n","protected":false},"author":1,"featured_media":0,"parent":0,"menu_order":0,"comment_status":"closed","ping_status":"closed","template":"","meta":{"_kadence_starter_templates_imported_post":false,"footnotes":""},"class_list":["post-36","page","type-page","status-publish","hentry"],"_links":{"self":[{"href":"https:\/\/makelemnstorm.ro\/index.php\/wp-json\/wp\/v2\/pages\/36","targetHints":{"allow":["GET"]}}],"collection":[{"href":"https:\/\/makelemnstorm.ro\/index.php\/wp-json\/wp\/v2\/pages"}],"about":[{"href":"https:\/\/makelemnstorm.ro\/index.php\/wp-json\/wp\/v2\/types\/page"}],"author":[{"embeddable":true,"href":"https:\/\/makelemnstorm.ro\/index.php\/wp-json\/wp\/v2\/users\/1"}],"replies":[{"embeddable":true,"href":"https:\/\/makelemnstorm.ro\/index.php\/wp-json\/wp\/v2\/comments?post=36"}],"version-history":[{"count":25,"href":"https:\/\/makelemnstorm.ro\/index.php\/wp-json\/wp\/v2\/pages\/36\/revisions"}],"predecessor-version":[{"id":1341,"href":"https:\/\/makelemnstorm.ro\/index.php\/wp-json\/wp\/v2\/pages\/36\/revisions\/1341"}],"wp:attachment":[{"href":"https:\/\/makelemnstorm.ro\/index.php\/wp-json\/wp\/v2\/media?parent=36"}],"curies":[{"name":"wp","href":"https:\/\/api.w.org\/{rel}","templated":true}]}}